{"id":59,"date":"2024-07-17T23:18:12","date_gmt":"2024-07-18T02:18:12","guid":{"rendered":"https:\/\/atenaesg.eco.br\/?page_id=59"},"modified":"2024-09-16T14:46:28","modified_gmt":"2024-09-16T17:46:28","slug":"o-que-e-atena","status":"publish","type":"page","link":"https:\/\/atenaesg.eco.br\/en\/what-is-atena\/","title":{"rendered":"What is Atena ESG"},"content":{"rendered":"<p>A Atena ESG \u00e9 uma Deeptech dedicada a transformar custos e ativos alternativos em investimentos financeiros sustent\u00e1veis e socialmente respons\u00e1veis, alinhados aos 20 ODS (17 ODS ONU e 3 m a\u00e7\u00e3o no Brasil 18, 19 e 20) princ\u00edpios ESG (Ambiental, Social e de Governan\u00e7a).<\/p>\n<p>Nossa miss\u00e3o \u00e9 resolver a dor de pagar contas sem benef\u00edcios reais, utilizando uma abordagem inovadora de XaaS ESG, BPO ESG e BPO de Inova\u00e7\u00e3o Tecnol\u00f3gica Emergente atrav\u00e9s de Intelig\u00eancia Artificial Generativa, Intelig\u00eancia Artificial Preditiva, Data Science, Deep Learning, Realidade Virtual, Internet das Coisas &#8211; IOT Starlink &#8211; 3G\/4G\/5G, Aprendizado de M\u00e1quina, Big Data, Solu\u00e7\u00f5es Baseadas na Natureza e An\u00e1lise comportamental com \u00eanfase em computa\u00e7\u00e3o qu\u00e2ntica.<\/p>","protected":false},"excerpt":{"rendered":"<p>A Atena ESG \u00e9 uma Deeptech dedicada a transformar custos e ativos alternativos em investimentos financeiros sustent\u00e1veis e socialmente respons\u00e1veis, alinhados aos 20 ODS (17 ODS ONU e 3 m a\u00e7\u00e3o no Brasil 18, 19 e 20) princ\u00edpios ESG (Ambiental, [&hellip;]<\/p>\n","protected":false},"author":1,"featured_media":619,"parent":0,"menu_order":0,"comment_status":"closed","ping_status":"closed","template":"page-templates\/o-que-e-atena.php","meta":{"footnotes":""},"class_list":["post-59","page","type-page","status-publish","has-post-thumbnail","hentry"],"acf":[],"_links":{"self":[{"href":"https:\/\/atenaesg.eco.br\/en\/wp-json\/wp\/v2\/pages\/59","targetHints":{"allow":["GET"]}}],"collection":[{"href":"https:\/\/atenaesg.eco.br\/en\/wp-json\/wp\/v2\/pages"}],"about":[{"href":"https:\/\/atenaesg.eco.br\/en\/wp-json\/wp\/v2\/types\/page"}],"author":[{"embeddable":true,"href":"https:\/\/atenaesg.eco.br\/en\/wp-json\/wp\/v2\/users\/1"}],"replies":[{"embeddable":true,"href":"https:\/\/atenaesg.eco.br\/en\/wp-json\/wp\/v2\/comments?post=59"}],"version-history":[{"count":17,"href":"https:\/\/atenaesg.eco.br\/en\/wp-json\/wp\/v2\/pages\/59\/revisions"}],"predecessor-version":[{"id":867,"href":"https:\/\/atenaesg.eco.br\/en\/wp-json\/wp\/v2\/pages\/59\/revisions\/867"}],"wp:featuredmedia":[{"embeddable":true,"href":"https:\/\/atenaesg.eco.br\/en\/wp-json\/wp\/v2\/media\/619"}],"wp:attachment":[{"href":"https:\/\/atenaesg.eco.br\/en\/wp-json\/wp\/v2\/media?parent=59"}],"curies":[{"name":"wp","href":"https:\/\/api.w.org\/{rel}","templated":true}]}}