{"id":72,"date":"2024-07-17T23:19:26","date_gmt":"2024-07-18T02:19:26","guid":{"rendered":"https:\/\/atenaesg.eco.br\/?page_id=72"},"modified":"2024-08-15T22:49:52","modified_gmt":"2024-08-16T01:49:52","slug":"filantropia","status":"publish","type":"page","link":"https:\/\/atenaesg.eco.br\/en\/philanthropy\/","title":{"rendered":"Philanthropy"},"content":{"rendered":"<p>A pr\u00e1tica da filantropia envolve a doa\u00e7\u00e3o de recursos financeiros,<br \/>\ntempo ou habilidades para apoiar causas sociais, culturais ou ambientais,<br \/>\ncom o objetivo de promover o bem-estar coletivo e gerar impacto positivo na sociedade.<\/p>","protected":false},"excerpt":{"rendered":"<p>A pr\u00e1tica da filantropia envolve a doa\u00e7\u00e3o de recursos financeiros, tempo ou habilidades para apoiar causas sociais, culturais ou ambientais, com o objetivo de promover o bem-estar coletivo e gerar impacto positivo na sociedade.<\/p>","protected":false},"author":1,"featured_media":602,"parent":0,"menu_order":0,"comment_status":"closed","ping_status":"closed","template":"page-templates\/filantropia.php","meta":{"footnotes":""},"class_list":["post-72","page","type-page","status-publish","has-post-thumbnail","hentry"],"acf":[],"_links":{"self":[{"href":"https:\/\/atenaesg.eco.br\/en\/wp-json\/wp\/v2\/pages\/72","targetHints":{"allow":["GET"]}}],"collection":[{"href":"https:\/\/atenaesg.eco.br\/en\/wp-json\/wp\/v2\/pages"}],"about":[{"href":"https:\/\/atenaesg.eco.br\/en\/wp-json\/wp\/v2\/types\/page"}],"author":[{"embeddable":true,"href":"https:\/\/atenaesg.eco.br\/en\/wp-json\/wp\/v2\/users\/1"}],"replies":[{"embeddable":true,"href":"https:\/\/atenaesg.eco.br\/en\/wp-json\/wp\/v2\/comments?post=72"}],"version-history":[{"count":15,"href":"https:\/\/atenaesg.eco.br\/en\/wp-json\/wp\/v2\/pages\/72\/revisions"}],"predecessor-version":[{"id":838,"href":"https:\/\/atenaesg.eco.br\/en\/wp-json\/wp\/v2\/pages\/72\/revisions\/838"}],"wp:featuredmedia":[{"embeddable":true,"href":"https:\/\/atenaesg.eco.br\/en\/wp-json\/wp\/v2\/media\/602"}],"wp:attachment":[{"href":"https:\/\/atenaesg.eco.br\/en\/wp-json\/wp\/v2\/media?parent=72"}],"curies":[{"name":"wp","href":"https:\/\/api.w.org\/{rel}","templated":true}]}}