{"id":74,"date":"2024-07-17T23:19:38","date_gmt":"2024-07-18T02:19:38","guid":{"rendered":"https:\/\/atenaesg.eco.br\/?page_id=74"},"modified":"2024-07-28T21:26:15","modified_gmt":"2024-07-29T00:26:15","slug":"na-midia","status":"publish","type":"page","link":"https:\/\/atenaesg.eco.br\/es\/en-los-medios-de-comunicacion\/","title":{"rendered":"En los medios de comunicaci\u00f3n"},"content":{"rendered":"<p>Siga aqu\u00ed las noticias, art\u00edculos y avisos p\u00fablicos<\/p>","protected":false},"excerpt":{"rendered":"<p>Siga aqu\u00ed las noticias, art\u00edculos y avisos p\u00fablicos<\/p>","protected":false},"author":1,"featured_media":0,"parent":0,"menu_order":0,"comment_status":"closed","ping_status":"closed","template":"page-templates\/na-m\u00eddia.php","meta":{"footnotes":""},"class_list":["post-74","page","type-page","status-publish","hentry"],"acf":[],"_links":{"self":[{"href":"https:\/\/atenaesg.eco.br\/es\/wp-json\/wp\/v2\/pages\/74","targetHints":{"allow":["GET"]}}],"collection":[{"href":"https:\/\/atenaesg.eco.br\/es\/wp-json\/wp\/v2\/pages"}],"about":[{"href":"https:\/\/atenaesg.eco.br\/es\/wp-json\/wp\/v2\/types\/page"}],"author":[{"embeddable":true,"href":"https:\/\/atenaesg.eco.br\/es\/wp-json\/wp\/v2\/users\/1"}],"replies":[{"embeddable":true,"href":"https:\/\/atenaesg.eco.br\/es\/wp-json\/wp\/v2\/comments?post=74"}],"version-history":[{"count":2,"href":"https:\/\/atenaesg.eco.br\/es\/wp-json\/wp\/v2\/pages\/74\/revisions"}],"predecessor-version":[{"id":601,"href":"https:\/\/atenaesg.eco.br\/es\/wp-json\/wp\/v2\/pages\/74\/revisions\/601"}],"wp:attachment":[{"href":"https:\/\/atenaesg.eco.br\/es\/wp-json\/wp\/v2\/media?parent=74"}],"curies":[{"name":"wp","href":"https:\/\/api.w.org\/{rel}","templated":true}]}}