{"id":63,"date":"2024-07-17T23:18:27","date_gmt":"2024-07-18T02:18:27","guid":{"rendered":"https:\/\/atenaesg.eco.br\/?page_id=63"},"modified":"2024-09-16T14:47:15","modified_gmt":"2024-09-16T17:47:15","slug":"como-faz","status":"publish","type":"page","link":"https:\/\/atenaesg.eco.br\/fr\/comment-faire\/","title":{"rendered":"Comment proc\u00e9der"},"content":{"rendered":"<p>Nous diagnostiquons les probl\u00e8mes \u00e9ventuels et les possibilit\u00e9s d'am\u00e9lioration, puis nous pr\u00e9sentons des solutions possibles \u00e0 un co\u00fbt nul ou bien inf\u00e9rieur \u00e0 celui du march\u00e9, tout en g\u00e9n\u00e9rant un b\u00e9n\u00e9fice.<\/p>","protected":false},"excerpt":{"rendered":"<p>Nous diagnostiquons les probl\u00e8mes \u00e9ventuels et les possibilit\u00e9s d'am\u00e9lioration, puis nous pr\u00e9sentons des solutions possibles \u00e0 un co\u00fbt nul ou bien inf\u00e9rieur \u00e0 celui du march\u00e9, tout en g\u00e9n\u00e9rant un b\u00e9n\u00e9fice.<\/p>","protected":false},"author":1,"featured_media":687,"parent":0,"menu_order":0,"comment_status":"closed","ping_status":"closed","template":"page-templates\/como-faz.php","meta":{"footnotes":""},"class_list":["post-63","page","type-page","status-publish","has-post-thumbnail","hentry"],"acf":[],"_links":{"self":[{"href":"https:\/\/atenaesg.eco.br\/fr\/wp-json\/wp\/v2\/pages\/63","targetHints":{"allow":["GET"]}}],"collection":[{"href":"https:\/\/atenaesg.eco.br\/fr\/wp-json\/wp\/v2\/pages"}],"about":[{"href":"https:\/\/atenaesg.eco.br\/fr\/wp-json\/wp\/v2\/types\/page"}],"author":[{"embeddable":true,"href":"https:\/\/atenaesg.eco.br\/fr\/wp-json\/wp\/v2\/users\/1"}],"replies":[{"embeddable":true,"href":"https:\/\/atenaesg.eco.br\/fr\/wp-json\/wp\/v2\/comments?post=63"}],"version-history":[{"count":10,"href":"https:\/\/atenaesg.eco.br\/fr\/wp-json\/wp\/v2\/pages\/63\/revisions"}],"predecessor-version":[{"id":868,"href":"https:\/\/atenaesg.eco.br\/fr\/wp-json\/wp\/v2\/pages\/63\/revisions\/868"}],"wp:featuredmedia":[{"embeddable":true,"href":"https:\/\/atenaesg.eco.br\/fr\/wp-json\/wp\/v2\/media\/687"}],"wp:attachment":[{"href":"https:\/\/atenaesg.eco.br\/fr\/wp-json\/wp\/v2\/media?parent=63"}],"curies":[{"name":"wp","href":"https:\/\/api.w.org\/{rel}","templated":true}]}}